{"id":60,"date":"2025-02-27T00:34:55","date_gmt":"2025-02-27T00:34:55","guid":{"rendered":"https:\/\/www.telnetcomunicaciones.com\/?page_id=60"},"modified":"2025-04-17T04:00:37","modified_gmt":"2025-04-17T04:00:37","slug":"inicio","status":"publish","type":"page","link":"https:\/\/www.telnetcomunicaciones.com\/","title":{"rendered":"Soluci\u00f3nes integrales en telecomunicaci\u00f3nes"},"content":{"rendered":"\n<ul class=\"wp-block-list\">\n<li>Venta de equipamiento de infraestructura y telecomunicaci\u00f3nes.<\/li>\n\n\n\n<li>Nos encargamos de realizar asesoramiento, dise\u00f1o, planificaci\u00f3n de redes estructuradas.<\/li>\n\n\n\n<li>Realizaci\u00f3n de cableado estructurado.<\/li>\n\n\n\n<li>Realizaci\u00f3n de redes inal\u00e1mbricas: enlaces punto a punto, punto multipunto, redes mesh e instalac\u00edon de enlaces satelitales.<\/li>\n\n\n\n<li>Venta y asesoramiento de centrales de alarmas, c\u00e1maras de seguridad, DVR\/NVR. Incrementamos y aseguramos sus bienes o propiedades de forma adecuada, brindando tranquilidad, seguridad y monitoreo en tiempo real cuando ud. lo necesite. <\/li>\n<\/ul>\n\n\n<div class=\"free align wp-block-bicb-carousel\" id='bicbCarousel-1' data-attributes='{&quot;carousels&quot;:[{&quot;image&quot;:{&quot;id&quot;:340,&quot;url&quot;:&quot;http:\\\/\\\/www.telnetcomunicaciones.com\\\/wp-content\\\/uploads\\\/2025\\\/04\\\/IMG_20241031_171005-scaled.jpg&quot;,&quot;alt&quot;:&quot;&quot;,&quot;title&quot;:&quot;IMG_20241031_171005&quot;,&quot;caption&quot;:&quot;&quot;},&quot;action&quot;:&quot;none&quot;,&quot;link&quot;:&quot;&quot;,&quot;caption&quot;:&quot;Wheat Plants&quot;},{&quot;image&quot;:{&quot;id&quot;:339,&quot;url&quot;:&quot;http:\\\/\\\/www.telnetcomunicaciones.com\\\/wp-content\\\/uploads\\\/2025\\\/04\\\/IMG_20240815_185402-scaled.jpg&quot;,&quot;alt&quot;:&quot;&quot;,&quot;title&quot;:&quot;IMG_20240815_185402&quot;,&quot;caption&quot;:&quot;&quot;},&quot;action&quot;:&quot;none&quot;,&quot;link&quot;:&quot;&quot;,&quot;caption&quot;:&quot;White Daisy on Grass&quot;},{&quot;image&quot;:{&quot;id&quot;:348,&quot;url&quot;:&quot;http:\\\/\\\/www.telnetcomunicaciones.com\\\/wp-content\\\/uploads\\\/2025\\\/04\\\/IMG_20250212_184716-scaled.jpg&quot;,&quot;alt&quot;:&quot;&quot;,&quot;title&quot;:&quot;IMG_20250212_184716&quot;,&quot;caption&quot;:&quot;&quot;},&quot;action&quot;:&quot;none&quot;,&quot;link&quot;:&quot;&quot;,&quot;caption&quot;:&quot;Green Leafed Plant&quot;},{&quot;image&quot;:{&quot;id&quot;:347,&quot;url&quot;:&quot;http:\\\/\\\/www.telnetcomunicaciones.com\\\/wp-content\\\/uploads\\\/2025\\\/04\\\/IMG_20250301_123652-scaled.jpg&quot;,&quot;alt&quot;:&quot;&quot;,&quot;title&quot;:&quot;IMG_20250301_123652&quot;,&quot;caption&quot;:&quot;&quot;},&quot;action&quot;:&quot;none&quot;,&quot;link&quot;:&quot;&quot;,&quot;caption&quot;:&quot;Green Grass Field&quot;}],&quot;pageColor&quot;:&quot;rgba(255, 255, 255, 1)&quot;,&quot;prevNextColor&quot;:&quot;rgba(255, 255, 255, 1)&quot;,&quot;metadata&quot;:{&quot;categories&quot;:[&quot;bicbPattern&quot;],&quot;patternName&quot;:&quot;bicb-patterns\\\/default&quot;,&quot;name&quot;:&quot;Carousel- Default&quot;},&quot;align&quot;:&quot;&quot;,&quot;width&quot;:{&quot;desktop&quot;:&quot;100%&quot;,&quot;tablet&quot;:&quot;100%&quot;,&quot;mobile&quot;:&quot;100%&quot;},&quot;height&quot;:{&quot;desktop&quot;:&quot;350px&quot;,&quot;tablet&quot;:&quot;300px&quot;,&quot;mobile&quot;:&quot;250px&quot;},&quot;elements&quot;:{&quot;linkNewTab&quot;:false,&quot;linkOn&quot;:&quot;image&quot;},&quot;alignment&quot;:&quot;center&quot;,&quot;carouselOptions&quot;:{&quot;columns&quot;:{&quot;desktop&quot;:3,&quot;tablet&quot;:2,&quot;mobile&quot;:1},&quot;columnGap&quot;:30,&quot;isLoop&quot;:true,&quot;allowTouchMove&quot;:false,&quot;speed&quot;:1.5,&quot;autoplayOptions&quot;:{&quot;enabled&quot;:true,&quot;delay&quot;:1.5,&quot;disableOnInteraction&quot;:false,&quot;reverseDirection&quot;:false,&quot;pauseOnMouseEnter&quot;:false,&quot;stopOnLastSlide&quot;:false},&quot;freeMode&quot;:{&quot;enabled&quot;:false,&quot;sticky&quot;:false},&quot;effect&quot;:&quot;slide&quot;,&quot;mousewheel&quot;:{&quot;enabled&quot;:false},&quot;pagination&quot;:{&quot;inTablet&quot;:true,&quot;inMobile&quot;:true,&quot;clickable&quot;:true,&quot;dynamicBullets&quot;:false,&quot;border&quot;:[]},&quot;navigation&quot;:{&quot;inTablet&quot;:true,&quot;inMobile&quot;:true}},&quot;background&quot;:{&quot;color&quot;:&quot;#0000&quot;},&quot;padding&quot;:{&quot;vertical&quot;:&quot;10px&quot;,&quot;horizontal&quot;:&quot;10px&quot;},&quot;isPage&quot;:true,&quot;pageSize&quot;:&quot;12px&quot;,&quot;isPrevNext&quot;:true,&quot;prevNextSize&quot;:&quot;25px&quot;,&quot;image&quot;:{&quot;width&quot;:&quot;100%&quot;},&quot;caption&quot;:{&quot;display&quot;:&quot;none&quot;,&quot;position&quot;:&quot;onImage&quot;,&quot;verticalAlign&quot;:&quot;bottom&quot;,&quot;typo&quot;:{&quot;fontSize&quot;:{&quot;desktop&quot;:16,&quot;tablet&quot;:15,&quot;mobile&quot;:15}},&quot;textAlign&quot;:&quot;left&quot;,&quot;colors&quot;:{&quot;color&quot;:&quot;#fff&quot;,&quot;bg&quot;:&quot;#0000&quot;},&quot;overlay&quot;:{&quot;type&quot;:&quot;gradient&quot;,&quot;gradient&quot;:&quot;linear-gradient(0deg, #000 0%, #0000 50%, #0000 100%)&quot;},&quot;padding&quot;:{&quot;top&quot;:&quot;5px&quot;,&quot;right&quot;:&quot;8px&quot;,&quot;bottom&quot;:&quot;5px&quot;,&quot;left&quot;:&quot;8px&quot;}}}'><\/div>","protected":false},"excerpt":{"rendered":"","protected":false},"author":1,"featured_media":325,"parent":0,"menu_order":0,"comment_status":"closed","ping_status":"closed","template":"","meta":{"footnotes":""},"class_list":["post-60","page","type-page","status-publish","has-post-thumbnail","hentry"],"_links":{"self":[{"href":"https:\/\/www.telnetcomunicaciones.com\/index.php?rest_route=\/wp\/v2\/pages\/60","targetHints":{"allow":["GET"]}}],"collection":[{"href":"https:\/\/www.telnetcomunicaciones.com\/index.php?rest_route=\/wp\/v2\/pages"}],"about":[{"href":"https:\/\/www.telnetcomunicaciones.com\/index.php?rest_route=\/wp\/v2\/types\/page"}],"author":[{"embeddable":true,"href":"https:\/\/www.telnetcomunicaciones.com\/index.php?rest_route=\/wp\/v2\/users\/1"}],"replies":[{"embeddable":true,"href":"https:\/\/www.telnetcomunicaciones.com\/index.php?rest_route=%2Fwp%2Fv2%2Fcomments&post=60"}],"version-history":[{"count":20,"href":"https:\/\/www.telnetcomunicaciones.com\/index.php?rest_route=\/wp\/v2\/pages\/60\/revisions"}],"predecessor-version":[{"id":356,"href":"https:\/\/www.telnetcomunicaciones.com\/index.php?rest_route=\/wp\/v2\/pages\/60\/revisions\/356"}],"wp:featuredmedia":[{"embeddable":true,"href":"https:\/\/www.telnetcomunicaciones.com\/index.php?rest_route=\/wp\/v2\/media\/325"}],"wp:attachment":[{"href":"https:\/\/www.telnetcomunicaciones.com\/index.php?rest_route=%2Fwp%2Fv2%2Fmedia&parent=60"}],"curies":[{"name":"wp","href":"https:\/\/api.w.org\/{rel}","templated":true}]}}