{"id":62,"date":"2025-02-27T00:34:56","date_gmt":"2025-02-27T00:34:56","guid":{"rendered":"https:\/\/www.telnetcomunicaciones.com\/?page_id=62"},"modified":"2025-04-22T22:36:59","modified_gmt":"2025-04-22T22:36:59","slug":"portfolio","status":"publish","type":"page","link":"https:\/\/www.telnetcomunicaciones.com\/?page_id=62","title":{"rendered":"Venta e instalaci\u00f3n de centrales de alarmas &#8211; C\u00e1maras de Seguridad &#8211; Seguridad electr\u00f3nica &#8211; CCTV"},"content":{"rendered":"\n<ul class=\"wp-block-list\">\n<li><strong>Venta e instalacion de sistemas de seguridad de \u00faltima generacion que hacen que los usuarios y\/o empresas pueden tener la certeza y confianza de mantener a sus pertenencias y propiedades asegurados y monitoreados con sistemas sistemas de video vigilancia y alarmas de alta confiabilidad.<\/strong><\/li>\n\n\n\n<li><strong>DVR y NVR<\/strong><\/li>\n\n\n\n<li><strong>C\u00e1maras anal\u00f3gicas e IP<\/strong><\/li>\n\n\n\n<li><strong>C\u00e1maras inteligentes (conteo de personas, cruce de l\u00edneas, detecci\u00f3n de personas, detecci\u00f3n de autom\u00f3viles, deteccion de patentes\/dominios, etc&#8230;<\/strong><\/li>\n\n\n\n<li><strong>Sistemas de alarmas cableadas e inal\u00e1mbricas.<\/strong><\/li>\n\n\n\n<li><strong>Sensores cableados e inal\u00e1mbricos, y todos los accesorios adecuados para una correcta instalaci\u00f3n de acuerdo a cada necesidad.<\/strong><\/li>\n<\/ul>\n\n\n<div class=\"free align wp-block-bicb-carousel\" id='bicbCarousel-1' data-attributes='{&quot;carousels&quot;:[{&quot;image&quot;:{&quot;id&quot;:162,&quot;url&quot;:&quot;http:\\\/\\\/www.telnetcomunicaciones.com\\\/wp-content\\\/uploads\\\/2025\\\/02\\\/BulletColorVu.png&quot;,&quot;alt&quot;:&quot;&quot;,&quot;title&quot;:&quot;BulletColorVu&quot;,&quot;caption&quot;:&quot;Camaras IP y anal\\u00f3gicas&quot;},&quot;action&quot;:&quot;none&quot;,&quot;link&quot;:&quot;&quot;,&quot;caption&quot;:&quot;Camara Bullet&quot;},{&quot;image&quot;:{&quot;id&quot;:163,&quot;url&quot;:&quot;http:\\\/\\\/www.telnetcomunicaciones.com\\\/wp-content\\\/uploads\\\/2025\\\/02\\\/DomoPTZ.png&quot;,&quot;alt&quot;:&quot;&quot;,&quot;title&quot;:&quot;DomoPTZ&quot;,&quot;caption&quot;:&quot;Domos&quot;},&quot;action&quot;:&quot;none&quot;,&quot;link&quot;:&quot;&quot;,&quot;caption&quot;:&quot;Camara Domo PTZ&quot;},{&quot;image&quot;:{&quot;id&quot;:165,&quot;url&quot;:&quot;http:\\\/\\\/www.telnetcomunicaciones.com\\\/wp-content\\\/uploads\\\/2025\\\/02\\\/DomoFijo.png&quot;,&quot;alt&quot;:&quot;&quot;,&quot;title&quot;:&quot;DomoFijo&quot;,&quot;caption&quot;:&quot;&quot;},&quot;action&quot;:&quot;none&quot;,&quot;link&quot;:&quot;&quot;,&quot;caption&quot;:&quot;Camara Domo Fija&quot;},{&quot;image&quot;:{&quot;id&quot;:164,&quot;url&quot;:&quot;http:\\\/\\\/www.telnetcomunicaciones.com\\\/wp-content\\\/uploads\\\/2025\\\/02\\\/NVR.png&quot;,&quot;alt&quot;:&quot;&quot;,&quot;title&quot;:&quot;NVR&quot;,&quot;caption&quot;:&quot;DVR y NVR&quot;},&quot;action&quot;:&quot;none&quot;,&quot;link&quot;:&quot;&quot;,&quot;caption&quot;:&quot;NVR - DVR&quot;}],&quot;carouselOptions&quot;:{&quot;columns&quot;:{&quot;desktop&quot;:1,&quot;tablet&quot;:1,&quot;mobile&quot;:1},&quot;columnGap&quot;:30,&quot;isLoop&quot;:true,&quot;allowTouchMove&quot;:false,&quot;speed&quot;:3,&quot;autoplayOptions&quot;:{&quot;enabled&quot;:true,&quot;delay&quot;:1.5,&quot;disableOnInteraction&quot;:false,&quot;reverseDirection&quot;:false,&quot;pauseOnMouseEnter&quot;:false,&quot;stopOnLastSlide&quot;:false},&quot;freeMode&quot;:{&quot;enabled&quot;:false,&quot;sticky&quot;:false},&quot;effect&quot;:&quot;creative&quot;,&quot;mousewheel&quot;:{&quot;enabled&quot;:false},&quot;pagination&quot;:{&quot;inTablet&quot;:true,&quot;inMobile&quot;:true,&quot;clickable&quot;:true,&quot;dynamicBullets&quot;:false,&quot;border&quot;:[]},&quot;navigation&quot;:{&quot;inTablet&quot;:true,&quot;inMobile&quot;:true}},&quot;pageColor&quot;:&quot;rgba(255, 255, 255, 1)&quot;,&quot;prevNextColor&quot;:&quot;rgba(255, 255, 255, 1)&quot;,&quot;image&quot;:{&quot;width&quot;:&quot;0px&quot;},&quot;caption&quot;:{&quot;display&quot;:&quot;normal&quot;,&quot;position&quot;:&quot;onImage&quot;,&quot;verticalAlign&quot;:&quot;bottom&quot;,&quot;typo&quot;:{&quot;fontSize&quot;:{&quot;desktop&quot;:16,&quot;tablet&quot;:15,&quot;mobile&quot;:15}},&quot;textAlign&quot;:&quot;left&quot;,&quot;colors&quot;:{&quot;color&quot;:&quot;#fff&quot;,&quot;bg&quot;:&quot;#0000&quot;},&quot;overlay&quot;:{&quot;type&quot;:&quot;gradient&quot;,&quot;gradient&quot;:&quot;linear-gradient(0deg, #000 0%, #0000 50%, #0000 100%)&quot;},&quot;padding&quot;:{&quot;top&quot;:&quot;5px&quot;,&quot;right&quot;:&quot;8px&quot;,&quot;bottom&quot;:&quot;5px&quot;,&quot;left&quot;:&quot;8px&quot;}},&quot;metadata&quot;:{&quot;categories&quot;:[&quot;bicbPattern&quot;],&quot;patternName&quot;:&quot;bicb-patterns\\\/caption&quot;,&quot;name&quot;:&quot;Carousel- Caption&quot;},&quot;align&quot;:&quot;&quot;,&quot;width&quot;:{&quot;desktop&quot;:&quot;100%&quot;,&quot;tablet&quot;:&quot;100%&quot;,&quot;mobile&quot;:&quot;100%&quot;},&quot;height&quot;:{&quot;desktop&quot;:&quot;350px&quot;,&quot;tablet&quot;:&quot;300px&quot;,&quot;mobile&quot;:&quot;250px&quot;},&quot;elements&quot;:{&quot;linkNewTab&quot;:false,&quot;linkOn&quot;:&quot;image&quot;},&quot;alignment&quot;:&quot;center&quot;,&quot;background&quot;:{&quot;color&quot;:&quot;#0000&quot;},&quot;padding&quot;:{&quot;vertical&quot;:&quot;10px&quot;,&quot;horizontal&quot;:&quot;10px&quot;},&quot;isPage&quot;:true,&quot;pageSize&quot;:&quot;12px&quot;,&quot;isPrevNext&quot;:true,&quot;prevNextSize&quot;:&quot;25px&quot;}'><\/div>\n\n\n<p><\/p>\n","protected":false},"excerpt":{"rendered":"","protected":false},"author":1,"featured_media":171,"parent":0,"menu_order":0,"comment_status":"closed","ping_status":"closed","template":"","meta":{"footnotes":""},"class_list":["post-62","page","type-page","status-publish","has-post-thumbnail","hentry"],"_links":{"self":[{"href":"https:\/\/www.telnetcomunicaciones.com\/index.php?rest_route=\/wp\/v2\/pages\/62","targetHints":{"allow":["GET"]}}],"collection":[{"href":"https:\/\/www.telnetcomunicaciones.com\/index.php?rest_route=\/wp\/v2\/pages"}],"about":[{"href":"https:\/\/www.telnetcomunicaciones.com\/index.php?rest_route=\/wp\/v2\/types\/page"}],"author":[{"embeddable":true,"href":"https:\/\/www.telnetcomunicaciones.com\/index.php?rest_route=\/wp\/v2\/users\/1"}],"replies":[{"embeddable":true,"href":"https:\/\/www.telnetcomunicaciones.com\/index.php?rest_route=%2Fwp%2Fv2%2Fcomments&post=62"}],"version-history":[{"count":20,"href":"https:\/\/www.telnetcomunicaciones.com\/index.php?rest_route=\/wp\/v2\/pages\/62\/revisions"}],"predecessor-version":[{"id":469,"href":"https:\/\/www.telnetcomunicaciones.com\/index.php?rest_route=\/wp\/v2\/pages\/62\/revisions\/469"}],"wp:featuredmedia":[{"embeddable":true,"href":"https:\/\/www.telnetcomunicaciones.com\/index.php?rest_route=\/wp\/v2\/media\/171"}],"wp:attachment":[{"href":"https:\/\/www.telnetcomunicaciones.com\/index.php?rest_route=%2Fwp%2Fv2%2Fmedia&parent=62"}],"curies":[{"name":"wp","href":"https:\/\/api.w.org\/{rel}","templated":true}]}}