{"id":76,"date":"2025-02-27T00:46:24","date_gmt":"2025-02-27T00:46:24","guid":{"rendered":"https:\/\/www.telnetcomunicaciones.com\/?page_id=76"},"modified":"2025-04-21T16:18:22","modified_gmt":"2025-04-21T16:18:22","slug":"redes","status":"publish","type":"page","link":"https:\/\/www.telnetcomunicaciones.com\/?page_id=76","title":{"rendered":"Redes: cableado estructurado, fibra \u00f3ptica y redes inal\u00e1mbricas"},"content":{"rendered":"<ul>\n<li><strong>Cableado estructurado y redes de fibra \u00f3ptica.<\/strong><\/li>\n<li><strong>Fabricaci\u00f3n y montaje de torres de comunicaci\u00f3nes.<\/strong><\/li>\n<li><strong>Enlaces inl\u00e1mbricos: enlaces punto a punto y punto multipunto.<\/strong><\/li>\n<li><strong>Instalaci\u00f3n de enlaces satelitales.<\/strong><\/li>\n<li><strong>Reparaci\u00f3n y mantenimiento de redes en general.<\/strong><\/li>\n<\/ul>\n\n\n<p><\/p>\n","protected":false},"excerpt":{"rendered":"<p>Cableado estructurado y redes de fibra \u00f3ptica. Fabricaci\u00f3n y montaje de torres de comunicaci\u00f3nes. Enlaces inl\u00e1mbricos: enlaces punto a punto y punto multipunto. Instalaci\u00f3n de enlaces satelitales. Reparaci\u00f3n y mantenimiento de redes en general.<\/p>\n","protected":false},"author":1,"featured_media":84,"parent":0,"menu_order":0,"comment_status":"closed","ping_status":"closed","template":"","meta":{"footnotes":""},"class_list":["post-76","page","type-page","status-publish","has-post-thumbnail","hentry"],"_links":{"self":[{"href":"https:\/\/www.telnetcomunicaciones.com\/index.php?rest_route=\/wp\/v2\/pages\/76","targetHints":{"allow":["GET"]}}],"collection":[{"href":"https:\/\/www.telnetcomunicaciones.com\/index.php?rest_route=\/wp\/v2\/pages"}],"about":[{"href":"https:\/\/www.telnetcomunicaciones.com\/index.php?rest_route=\/wp\/v2\/types\/page"}],"author":[{"embeddable":true,"href":"https:\/\/www.telnetcomunicaciones.com\/index.php?rest_route=\/wp\/v2\/users\/1"}],"replies":[{"embeddable":true,"href":"https:\/\/www.telnetcomunicaciones.com\/index.php?rest_route=%2Fwp%2Fv2%2Fcomments&post=76"}],"version-history":[{"count":10,"href":"https:\/\/www.telnetcomunicaciones.com\/index.php?rest_route=\/wp\/v2\/pages\/76\/revisions"}],"predecessor-version":[{"id":403,"href":"https:\/\/www.telnetcomunicaciones.com\/index.php?rest_route=\/wp\/v2\/pages\/76\/revisions\/403"}],"wp:featuredmedia":[{"embeddable":true,"href":"https:\/\/www.telnetcomunicaciones.com\/index.php?rest_route=\/wp\/v2\/media\/84"}],"wp:attachment":[{"href":"https:\/\/www.telnetcomunicaciones.com\/index.php?rest_route=%2Fwp%2Fv2%2Fmedia&parent=76"}],"curies":[{"name":"wp","href":"https:\/\/api.w.org\/{rel}","templated":true}]}}